{"id":1879,"date":"2023-06-27T10:23:18","date_gmt":"2023-06-27T13:23:18","guid":{"rendered":"https:\/\/bastidoreficaz.pt\/politica-de-privacidad\/"},"modified":"2023-07-26T18:03:12","modified_gmt":"2023-07-26T21:03:12","slug":"politica-de-privacidad","status":"publish","type":"page","link":"https:\/\/bastidoreficaz.pt\/es\/politica-de-privacidad\/","title":{"rendered":"Pol\u00edtica de privacidad"},"content":{"rendered":"\t\t<div data-elementor-type=\"wp-page\" data-elementor-id=\"1879\" class=\"elementor elementor-1879 elementor-1658\" data-elementor-post-type=\"page\">\n\t\t\t\t<div class=\"elementor-element elementor-element-9e76277 e-con-full decor-1 banner e-flex e-con e-parent\" data-id=\"9e76277\" data-element_type=\"container\" data-e-type=\"container\" data-settings=\"{&quot;background_background&quot;:&quot;classic&quot;}\">\n\t\t<div class=\"elementor-element elementor-element-86db935 e-flex e-con-boxed e-con e-parent\" data-id=\"86db935\" data-element_type=\"container\" data-e-type=\"container\" data-settings=\"{&quot;background_background&quot;:&quot;classic&quot;}\">\n\t\t\t\t\t<div class=\"e-con-inner\">\n\t\t\t\t<div class=\"elementor-element elementor-element-2145e87 elementor-widget__width-initial subtitulo bt-0 elementor-widget elementor-widget-image-box\" data-id=\"2145e87\" data-element_type=\"widget\" data-e-type=\"widget\" data-widget_type=\"image-box.default\">\n\t\t\t\t<div class=\"elementor-widget-container\">\n\t\t\t\t\t<div class=\"elementor-image-box-wrapper\"><div class=\"elementor-image-box-content\"><h1 class=\"elementor-image-box-title\">Su privacidad es importante para nosotros<\/h1><p class=\"elementor-image-box-description\">Pol\u00edtica de privacidad<\/p><\/div><\/div>\t\t\t\t<\/div>\n\t\t\t\t<\/div>\n\t\t\t\t\t<\/div>\n\t\t\t\t<\/div>\n\t\t\t\t<\/div>\n\t\t<div class=\"elementor-element elementor-element-34cc340 e-flex e-con-boxed e-con e-parent\" data-id=\"34cc340\" data-element_type=\"container\" data-e-type=\"container\">\n\t\t\t\t\t<div class=\"e-con-inner\">\n\t\t\t\t<div class=\"elementor-element elementor-element-2477c90 elementor-widget elementor-widget-text-editor\" data-id=\"2477c90\" data-element_type=\"widget\" data-e-type=\"widget\" data-widget_type=\"text-editor.default\">\n\t\t\t\t<div class=\"elementor-widget-container\">\n\t\t\t\t\t\t\t\t\t<\/p>\n<p><span style=\"color: var( --e-global-color-text ); font-family: var( --e-global-typography-accent-font-family ), Sans-serif; font-size: var( --e-global-typography-accent-font-size ); font-style: var( --e-global-typography-accent-font-style ); font-weight: var( --e-global-typography-accent-font-weight ); text-align: var(--text-align);\">Es pol\u00edtica de Bastidor Eficaz respetar su privacidad con respecto a cualquier informaci\u00f3n que podamos recopilar en el sitio web de Bastidor Eficaz y otros sitios web que poseemos y operamos. <\/span><\/p>\n<p><span style=\"color: var( --e-global-color-text ); font-family: var( --e-global-typography-accent-font-family ), Sans-serif; font-size: var( --e-global-typography-accent-font-size ); font-style: var( --e-global-typography-accent-font-style ); font-weight: var( --e-global-typography-accent-font-weight ); text-align: var(--text-align);\">Solo solicitamos informaci\u00f3n personal cuando realmente la necesitamos para brindarle un servicio. Hacemos esto por medios justos y legales, con su conocimiento y consentimiento. Tambi\u00e9n le explicamos por qu\u00e9 adquirimos la informaci\u00f3n y c\u00f3mo se utilizar\u00e1. <\/span><\/p>\n<p><span style=\"color: var( --e-global-color-text ); font-family: var( --e-global-typography-accent-font-family ), Sans-serif; font-size: var( --e-global-typography-accent-font-size ); font-style: var( --e-global-typography-accent-font-style ); font-weight: var( --e-global-typography-accent-font-weight ); text-align: var(--text-align);\">Solo conservamos la informaci\u00f3n adquirida durante el tiempo que sea necesario para proporcionar el servicio solicitado. Cuando almacenamos datos, los protegemos dentro de los medios comercialmente aceptables para evitar p\u00e9rdidas y robos, as\u00ed como acceso, divulgaci\u00f3n, copia, uso o modificaci\u00f3n no autorizados. <\/span><\/p>\n<p><span style=\"color: var( --e-global-color-text ); font-family: var( --e-global-typography-accent-font-family ), Sans-serif; font-size: var( --e-global-typography-accent-font-size ); font-style: var( --e-global-typography-accent-font-style ); font-weight: var( --e-global-typography-accent-font-weight ); text-align: var(--text-align);\">No compartimos informaci\u00f3n de identificaci\u00f3n personal p\u00fablicamente o con terceros, excepto seg\u00fan lo exija la ley.<\/span><\/p>\n<p><span style=\"color: var( --e-global-color-text ); font-family: var( --e-global-typography-accent-font-family ), Sans-serif; font-size: var( --e-global-typography-accent-font-size ); font-style: var( --e-global-typography-accent-font-style ); font-weight: var( --e-global-typography-accent-font-weight ); text-align: var(--text-align);\"> Nuestro sitio web puede tener enlaces a sitios web externos que no son operados por nosotros. Tenga en cuenta que no tenemos control sobre el contenido y las pr\u00e1cticas de estos sitios y no podemos aceptar responsabilidad por sus respectivas pol\u00edticas de privacidad. <\/span><\/p>\n<p><span style=\"color: var( --e-global-color-text ); font-family: var( --e-global-typography-accent-font-family ), Sans-serif; font-size: var( --e-global-typography-accent-font-size ); font-style: var( --e-global-typography-accent-font-style ); font-weight: var( --e-global-typography-accent-font-weight ); text-align: var(--text-align);\">Puede rechazar nuestra solicitud de informaci\u00f3n personal, entendiendo que es posible que no podamos brindarle algunos de los servicios que desea. <\/span><\/p>\n<p><span style=\"color: var( --e-global-color-text ); font-family: var( --e-global-typography-accent-font-family ), Sans-serif; font-size: var( --e-global-typography-accent-font-size ); font-style: var( --e-global-typography-accent-font-style ); font-weight: var( --e-global-typography-accent-font-weight ); text-align: var(--text-align);\">El uso continuado de nuestro sitio web se considerar\u00e1 como la aceptaci\u00f3n de nuestras pr\u00e1cticas en materia de privacidad e informaci\u00f3n personal. Si tiene alguna pregunta sobre c\u00f3mo manejamos los datos de los usuarios y la informaci\u00f3n personal, comun\u00edquese con nosotros. <\/span><\/p>\n<p><span style=\"color: var( --e-global-color-text ); font-family: var( --e-global-typography-accent-font-family ), Sans-serif; font-size: var( --e-global-typography-accent-font-size ); font-style: var( --e-global-typography-accent-font-style ); font-weight: var( --e-global-typography-accent-font-weight ); text-align: var(--text-align);\"> <\/span><\/p>\n<p><span style=\"color: var( --e-global-color-text ); font-family: var( --e-global-typography-accent-font-family ), Sans-serif; font-size: var( --e-global-typography-accent-font-size ); font-style: var( --e-global-typography-accent-font-style ); font-weight: var( --e-global-typography-accent-font-weight ); text-align: var(--text-align);\"><strong>Cookies que configuramos<\/strong> <\/span><\/p>\n<p><span style=\"color: var( --e-global-color-text ); font-family: var( --e-global-typography-accent-font-family ), Sans-serif; font-size: var( --e-global-typography-accent-font-size ); font-style: var( --e-global-typography-accent-font-style ); font-weight: var( --e-global-typography-accent-font-weight ); text-align: var(--text-align);\">&#8211; Cookies relacionadas con formularios: <\/span><\/p>\n<p><span style=\"color: var( --e-global-color-text ); font-family: var( --e-global-typography-accent-font-family ), Sans-serif; font-size: var( --e-global-typography-accent-font-size ); font-style: var( --e-global-typography-accent-font-style ); font-weight: var( --e-global-typography-accent-font-weight ); text-align: var(--text-align);\">Cuando env\u00eda datos a trav\u00e9s de un formulario como los que se encuentran en las p\u00e1ginas de contacto o formularios de comentarios, las cookies pueden configurarse para recordar sus datos de usuario para correspondencia futura.<\/span><\/p>\n<\/p>\n<p> <strong>Cookies de terceros <\/strong><\/p>\n<p>&#8211; En algunos casos especiales, tambi\u00e9n utilizamos cookies proporcionadas por terceros de confianza. La siguiente secci\u00f3n detalla qu\u00e9 cookies de terceros puede encontrar a trav\u00e9s de este sitio web. <\/p>\n<p>&#8211; Este sitio web utiliza Google Analytics, que es una de las soluciones anal\u00edticas m\u00e1s extendidas y fiables de la web, para ayudarnos a comprender c\u00f3mo utiliza el sitio y c\u00f3mo podemos mejorar su experiencia. Estas cookies pueden identificar cosas como cu\u00e1nto tiempo pasa en el sitio y qu\u00e9 p\u00e1ginas visita para que podamos continuar produciendo contenido atractivo. <\/p>\n<p>Para obtener m\u00e1s informaci\u00f3n sobre las cookies de Google Analytics, consulte la p\u00e1gina oficial de Google Analytics. <\/p>\n<p><span style=\"color: var( --e-global-color-text ); font-family: var( --e-global-typography-accent-font-family ), Sans-serif; font-size: var( --e-global-typography-accent-font-size ); font-style: var( --e-global-typography-accent-font-style ); font-weight: var( --e-global-typography-accent-font-weight ); text-align: var(--text-align);\">&#8211; Se utilizan an\u00e1lisis de terceros para identificar y medir el uso de este sitio para que podamos continuar produciendo contenido atractivo. Estas cookies pueden rastrear cosas como cu\u00e1nto tiempo pasa en el sitio o las p\u00e1ginas que visita, lo que nos ayuda a comprender c\u00f3mo podemos mejorar el sitio para usted. <\/span><\/p>\n<p><span style=\"color: var( --e-global-color-text ); font-family: var( --e-global-typography-accent-font-family ), Sans-serif; font-size: var( --e-global-typography-accent-font-size ); font-style: var( --e-global-typography-accent-font-style ); font-weight: var( --e-global-typography-accent-font-weight ); text-align: var(--text-align);\">&#8211; Peri\u00f3dicamente, probamos nuevas funciones y hacemos cambios sutiles en la apariencia del sitio. Cuando todav\u00eda estamos probando nuevas funciones, estas cookies pueden usarse para garantizar que reciba una experiencia consistente mientras est\u00e1 en el sitio mientras comprende qu\u00e9 optimizaciones aprecian m\u00e1s nuestros usuarios. <\/span><\/p>\n<p><span style=\"color: var( --e-global-color-text ); font-family: var( --e-global-typography-accent-font-family ), Sans-serif; font-size: var( --e-global-typography-accent-font-size ); font-style: var( --e-global-typography-accent-font-style ); font-weight: var( --e-global-typography-accent-font-weight ); text-align: var(--text-align);\"> <\/span><\/p>\n<p><span style=\"color: var( --e-global-color-text ); font-family: var( --e-global-typography-accent-font-family ), Sans-serif; font-size: var( --e-global-typography-accent-font-size ); font-style: var( --e-global-typography-accent-font-style ); font-weight: var( --e-global-typography-accent-font-weight ); text-align: var(--text-align);\"><strong>Mas informaciones<\/strong> <\/span><\/p>\n<p><span style=\"color: var( --e-global-color-text ); font-family: var( --e-global-typography-accent-font-family ), Sans-serif; font-size: var( --e-global-typography-accent-font-size ); font-style: var( --e-global-typography-accent-font-style ); font-weight: var( --e-global-typography-accent-font-weight ); text-align: var(--text-align);\">Esperemos que eso se haya aclarado y, como se mencion\u00f3 anteriormente, si hay algo que no est\u00e1 seguro de si necesita o no, generalmente es m\u00e1s seguro dejar las cookies habilitadas si interact\u00faa con una de las funciones que usa en nuestro sitio web. <\/span><\/p>\n<p><span style=\"color: var( --e-global-color-text ); font-family: var( --e-global-typography-accent-font-family ), Sans-serif; font-size: var( --e-global-typography-accent-font-size ); font-style: var( --e-global-typography-accent-font-style ); font-weight: var( --e-global-typography-accent-font-weight ); text-align: var(--text-align);\"> <\/span><\/p>\n<p><span style=\"color: var( --e-global-color-text ); font-family: var( --e-global-typography-accent-font-family ), Sans-serif; font-size: var( --e-global-typography-accent-font-size ); font-style: var( --e-global-typography-accent-font-style ); font-weight: var( --e-global-typography-accent-font-weight ); text-align: var(--text-align);\">Esta pol\u00edtica es efectiva a partir de mayo de 2023<\/span><\/p>\n\t\t\t\t\t\t\t\t<\/div>\n\t\t\t\t<\/div>\n\t\t\t\t<div class=\"elementor-element elementor-element-0087e50 elementor-align-center elementor-widget__width-auto elementor-mobile-align-justify elementor-widget elementor-widget-button\" data-id=\"0087e50\" data-element_type=\"widget\" data-e-type=\"widget\" data-widget_type=\"button.default\">\n\t\t\t\t<div class=\"elementor-widget-container\">\n\t\t\t\t\t\t\t\t\t<div class=\"elementor-button-wrapper\">\n\t\t\t\t\t<a class=\"elementor-button elementor-button-link elementor-size-sm elementor-animation-bob\" href=\"\/\">\n\t\t\t\t\t\t<span class=\"elementor-button-content-wrapper\">\n\t\t\t\t\t\t<span class=\"elementor-button-icon\">\n\t\t\t\t<svg xmlns=\"http:\/\/www.w3.org\/2000\/svg\" width=\"16.643\" height=\"10.62\" viewBox=\"0 0 16.643 10.62\"><path id=\"icon-seta-ir-preta\" d=\"M322.327,232.643V219.737l-2.95,2.95L318,221.31l5.31-5.31,5.31,5.31-1.377,1.377-2.95-2.95v12.906Z\" transform=\"translate(232.643 -318) rotate(90)\" fill=\"#29323f\"><\/path><\/svg>\t\t\t<\/span>\n\t\t\t\t\t\t\t\t\t<span class=\"elementor-button-text\">Ir a la p\u00e1gina principal<\/span>\n\t\t\t\t\t<\/span>\n\t\t\t\t\t<\/a>\n\t\t\t\t<\/div>\n\t\t\t\t\t\t\t\t<\/div>\n\t\t\t\t<\/div>\n\t\t\t\t\t<\/div>\n\t\t\t\t<\/div>\n\t\t\t\t<\/div>\n\t\t","protected":false},"excerpt":{"rendered":"<p>Su privacidad es importante para nosotros Pol\u00edtica de privacidad Es pol\u00edtica de Bastidor Eficaz respetar su privacidad con respecto a cualquier informaci\u00f3n que podamos recopilar en el sitio web de Bastidor Eficaz y otros sitios web que poseemos y operamos. Solo solicitamos informaci\u00f3n personal cuando realmente la necesitamos para brindarle un servicio. Hacemos esto por [&hellip;]<\/p>\n","protected":false},"author":5,"featured_media":2067,"parent":0,"menu_order":0,"comment_status":"closed","ping_status":"closed","template":"elementor_header_footer","meta":{"_acf_changed":false,"footnotes":""},"class_list":["post-1879","page","type-page","status-publish","has-post-thumbnail","hentry"],"acf":[],"yoast_head":"<!-- This site is optimized with the Yoast SEO plugin v27.3 - https:\/\/yoast.com\/product\/yoast-seo-wordpress\/ -->\n<title>Pol\u00edtica de privacidad | Bastidor Eficaz - Soluciones En Estructuras Met\u00e1lica<\/title>\n<meta name=\"description\" content=\"Nuestro objetivo es ofrecer los mejores servicios y soluciones en el segmento de montaje, desmontaje y mantenimiento de estanter\u00edas met\u00e1licas.\" \/>\n<meta name=\"robots\" content=\"index, follow, max-snippet:-1, max-image-preview:large, max-video-preview:-1\" \/>\n<link rel=\"canonical\" href=\"https:\/\/bastidoreficaz.pt\/es\/politica-de-privacidad\/\" \/>\n<meta property=\"og:locale\" content=\"es_ES\" \/>\n<meta property=\"og:type\" content=\"article\" \/>\n<meta property=\"og:title\" content=\"Pol\u00edtica de privacidad | Bastidor Eficaz - Soluciones En Estructuras Met\u00e1lica\" \/>\n<meta property=\"og:description\" content=\"Nuestro objetivo es ofrecer los mejores servicios y soluciones en el segmento de montaje, desmontaje y mantenimiento de estanter\u00edas met\u00e1licas.\" \/>\n<meta property=\"og:url\" content=\"https:\/\/bastidoreficaz.pt\/es\/politica-de-privacidad\/\" \/>\n<meta property=\"og:site_name\" content=\"Bastidor Eficaz\" \/>\n<meta property=\"article:publisher\" content=\"https:\/\/www.facebook.com\/bastidoreficaz\" \/>\n<meta property=\"article:modified_time\" content=\"2023-07-26T21:03:12+00:00\" \/>\n<meta property=\"og:image\" content=\"https:\/\/bastidoreficaz.pt\/wp-content\/uploads\/2023\/07\/logo-512px-bastidor-eficaz.png\" \/>\n\t<meta property=\"og:image:width\" content=\"512\" \/>\n\t<meta property=\"og:image:height\" content=\"512\" \/>\n\t<meta property=\"og:image:type\" content=\"image\/png\" \/>\n<meta name=\"twitter:card\" content=\"summary_large_image\" \/>\n<meta name=\"twitter:label1\" content=\"Tiempo de lectura\" \/>\n\t<meta name=\"twitter:data1\" content=\"3 minutos\" \/>\n<script type=\"application\/ld+json\" class=\"yoast-schema-graph\">{\"@context\":\"https:\\\/\\\/schema.org\",\"@graph\":[{\"@type\":\"WebPage\",\"@id\":\"https:\\\/\\\/bastidoreficaz.pt\\\/es\\\/politica-de-privacidad\\\/\",\"url\":\"https:\\\/\\\/bastidoreficaz.pt\\\/es\\\/politica-de-privacidad\\\/\",\"name\":\"Pol\u00edtica de privacidad | Bastidor Eficaz - Soluciones En Estructuras Met\u00e1lica\",\"isPartOf\":{\"@id\":\"https:\\\/\\\/bastidoreficaz.pt\\\/#website\"},\"primaryImageOfPage\":{\"@id\":\"https:\\\/\\\/bastidoreficaz.pt\\\/es\\\/politica-de-privacidad\\\/#primaryimage\"},\"image\":{\"@id\":\"https:\\\/\\\/bastidoreficaz.pt\\\/es\\\/politica-de-privacidad\\\/#primaryimage\"},\"thumbnailUrl\":\"https:\\\/\\\/bastidoreficaz.pt\\\/wp-content\\\/uploads\\\/2023\\\/07\\\/logo-512px-bastidor-eficaz.png\",\"datePublished\":\"2023-06-27T13:23:18+00:00\",\"dateModified\":\"2023-07-26T21:03:12+00:00\",\"description\":\"Nuestro objetivo es ofrecer los mejores servicios y soluciones en el segmento de montaje, desmontaje y mantenimiento de estanter\u00edas met\u00e1licas.\",\"breadcrumb\":{\"@id\":\"https:\\\/\\\/bastidoreficaz.pt\\\/es\\\/politica-de-privacidad\\\/#breadcrumb\"},\"inLanguage\":\"es\",\"potentialAction\":[{\"@type\":\"ReadAction\",\"target\":[\"https:\\\/\\\/bastidoreficaz.pt\\\/es\\\/politica-de-privacidad\\\/\"]}]},{\"@type\":\"ImageObject\",\"inLanguage\":\"es\",\"@id\":\"https:\\\/\\\/bastidoreficaz.pt\\\/es\\\/politica-de-privacidad\\\/#primaryimage\",\"url\":\"https:\\\/\\\/bastidoreficaz.pt\\\/wp-content\\\/uploads\\\/2023\\\/07\\\/logo-512px-bastidor-eficaz.png\",\"contentUrl\":\"https:\\\/\\\/bastidoreficaz.pt\\\/wp-content\\\/uploads\\\/2023\\\/07\\\/logo-512px-bastidor-eficaz.png\",\"width\":512,\"height\":512},{\"@type\":\"BreadcrumbList\",\"@id\":\"https:\\\/\\\/bastidoreficaz.pt\\\/es\\\/politica-de-privacidad\\\/#breadcrumb\",\"itemListElement\":[{\"@type\":\"ListItem\",\"position\":1,\"name\":\"In\u00edcio\",\"item\":\"https:\\\/\\\/bastidoreficaz.pt\\\/\"},{\"@type\":\"ListItem\",\"position\":2,\"name\":\"Pol\u00edtica de privacidad\"}]},{\"@type\":\"WebSite\",\"@id\":\"https:\\\/\\\/bastidoreficaz.pt\\\/#website\",\"url\":\"https:\\\/\\\/bastidoreficaz.pt\\\/\",\"name\":\"Bastidor Eficaz\",\"description\":\"\",\"publisher\":{\"@id\":\"https:\\\/\\\/bastidoreficaz.pt\\\/#organization\"},\"potentialAction\":[{\"@type\":\"SearchAction\",\"target\":{\"@type\":\"EntryPoint\",\"urlTemplate\":\"https:\\\/\\\/bastidoreficaz.pt\\\/?s={search_term_string}\"},\"query-input\":{\"@type\":\"PropertyValueSpecification\",\"valueRequired\":true,\"valueName\":\"search_term_string\"}}],\"inLanguage\":\"es\"},{\"@type\":\"Organization\",\"@id\":\"https:\\\/\\\/bastidoreficaz.pt\\\/#organization\",\"name\":\"Bastidor Eficaz\",\"url\":\"https:\\\/\\\/bastidoreficaz.pt\\\/\",\"logo\":{\"@type\":\"ImageObject\",\"inLanguage\":\"es\",\"@id\":\"https:\\\/\\\/bastidoreficaz.pt\\\/#\\\/schema\\\/logo\\\/image\\\/\",\"url\":\"https:\\\/\\\/bastidoreficaz.pt\\\/wp-content\\\/uploads\\\/2023\\\/06\\\/Bastidor-eficaz-Logo--scaled.jpg\",\"contentUrl\":\"https:\\\/\\\/bastidoreficaz.pt\\\/wp-content\\\/uploads\\\/2023\\\/06\\\/Bastidor-eficaz-Logo--scaled.jpg\",\"width\":2560,\"height\":1440,\"caption\":\"Bastidor Eficaz\"},\"image\":{\"@id\":\"https:\\\/\\\/bastidoreficaz.pt\\\/#\\\/schema\\\/logo\\\/image\\\/\"},\"sameAs\":[\"https:\\\/\\\/www.facebook.com\\\/bastidoreficaz\",\"https:\\\/\\\/www.instagram.com\\\/bastidoreficaz\\\/\"]}]}<\/script>\n<!-- \/ Yoast SEO plugin. -->","yoast_head_json":{"title":"Pol\u00edtica de privacidad | Bastidor Eficaz - Soluciones En Estructuras Met\u00e1lica","description":"Nuestro objetivo es ofrecer los mejores servicios y soluciones en el segmento de montaje, desmontaje y mantenimiento de estanter\u00edas met\u00e1licas.","robots":{"index":"index","follow":"follow","max-snippet":"max-snippet:-1","max-image-preview":"max-image-preview:large","max-video-preview":"max-video-preview:-1"},"canonical":"https:\/\/bastidoreficaz.pt\/es\/politica-de-privacidad\/","og_locale":"es_ES","og_type":"article","og_title":"Pol\u00edtica de privacidad | Bastidor Eficaz - Soluciones En Estructuras Met\u00e1lica","og_description":"Nuestro objetivo es ofrecer los mejores servicios y soluciones en el segmento de montaje, desmontaje y mantenimiento de estanter\u00edas met\u00e1licas.","og_url":"https:\/\/bastidoreficaz.pt\/es\/politica-de-privacidad\/","og_site_name":"Bastidor Eficaz","article_publisher":"https:\/\/www.facebook.com\/bastidoreficaz","article_modified_time":"2023-07-26T21:03:12+00:00","og_image":[{"width":512,"height":512,"url":"https:\/\/bastidoreficaz.pt\/wp-content\/uploads\/2023\/07\/logo-512px-bastidor-eficaz.png","type":"image\/png"}],"twitter_card":"summary_large_image","twitter_misc":{"Tiempo de lectura":"3 minutos"},"schema":{"@context":"https:\/\/schema.org","@graph":[{"@type":"WebPage","@id":"https:\/\/bastidoreficaz.pt\/es\/politica-de-privacidad\/","url":"https:\/\/bastidoreficaz.pt\/es\/politica-de-privacidad\/","name":"Pol\u00edtica de privacidad | Bastidor Eficaz - Soluciones En Estructuras Met\u00e1lica","isPartOf":{"@id":"https:\/\/bastidoreficaz.pt\/#website"},"primaryImageOfPage":{"@id":"https:\/\/bastidoreficaz.pt\/es\/politica-de-privacidad\/#primaryimage"},"image":{"@id":"https:\/\/bastidoreficaz.pt\/es\/politica-de-privacidad\/#primaryimage"},"thumbnailUrl":"https:\/\/bastidoreficaz.pt\/wp-content\/uploads\/2023\/07\/logo-512px-bastidor-eficaz.png","datePublished":"2023-06-27T13:23:18+00:00","dateModified":"2023-07-26T21:03:12+00:00","description":"Nuestro objetivo es ofrecer los mejores servicios y soluciones en el segmento de montaje, desmontaje y mantenimiento de estanter\u00edas met\u00e1licas.","breadcrumb":{"@id":"https:\/\/bastidoreficaz.pt\/es\/politica-de-privacidad\/#breadcrumb"},"inLanguage":"es","potentialAction":[{"@type":"ReadAction","target":["https:\/\/bastidoreficaz.pt\/es\/politica-de-privacidad\/"]}]},{"@type":"ImageObject","inLanguage":"es","@id":"https:\/\/bastidoreficaz.pt\/es\/politica-de-privacidad\/#primaryimage","url":"https:\/\/bastidoreficaz.pt\/wp-content\/uploads\/2023\/07\/logo-512px-bastidor-eficaz.png","contentUrl":"https:\/\/bastidoreficaz.pt\/wp-content\/uploads\/2023\/07\/logo-512px-bastidor-eficaz.png","width":512,"height":512},{"@type":"BreadcrumbList","@id":"https:\/\/bastidoreficaz.pt\/es\/politica-de-privacidad\/#breadcrumb","itemListElement":[{"@type":"ListItem","position":1,"name":"In\u00edcio","item":"https:\/\/bastidoreficaz.pt\/"},{"@type":"ListItem","position":2,"name":"Pol\u00edtica de privacidad"}]},{"@type":"WebSite","@id":"https:\/\/bastidoreficaz.pt\/#website","url":"https:\/\/bastidoreficaz.pt\/","name":"Bastidor Eficaz","description":"","publisher":{"@id":"https:\/\/bastidoreficaz.pt\/#organization"},"potentialAction":[{"@type":"SearchAction","target":{"@type":"EntryPoint","urlTemplate":"https:\/\/bastidoreficaz.pt\/?s={search_term_string}"},"query-input":{"@type":"PropertyValueSpecification","valueRequired":true,"valueName":"search_term_string"}}],"inLanguage":"es"},{"@type":"Organization","@id":"https:\/\/bastidoreficaz.pt\/#organization","name":"Bastidor Eficaz","url":"https:\/\/bastidoreficaz.pt\/","logo":{"@type":"ImageObject","inLanguage":"es","@id":"https:\/\/bastidoreficaz.pt\/#\/schema\/logo\/image\/","url":"https:\/\/bastidoreficaz.pt\/wp-content\/uploads\/2023\/06\/Bastidor-eficaz-Logo--scaled.jpg","contentUrl":"https:\/\/bastidoreficaz.pt\/wp-content\/uploads\/2023\/06\/Bastidor-eficaz-Logo--scaled.jpg","width":2560,"height":1440,"caption":"Bastidor Eficaz"},"image":{"@id":"https:\/\/bastidoreficaz.pt\/#\/schema\/logo\/image\/"},"sameAs":["https:\/\/www.facebook.com\/bastidoreficaz","https:\/\/www.instagram.com\/bastidoreficaz\/"]}]}},"_links":{"self":[{"href":"https:\/\/bastidoreficaz.pt\/es\/wp-json\/wp\/v2\/pages\/1879","targetHints":{"allow":["GET"]}}],"collection":[{"href":"https:\/\/bastidoreficaz.pt\/es\/wp-json\/wp\/v2\/pages"}],"about":[{"href":"https:\/\/bastidoreficaz.pt\/es\/wp-json\/wp\/v2\/types\/page"}],"author":[{"embeddable":true,"href":"https:\/\/bastidoreficaz.pt\/es\/wp-json\/wp\/v2\/users\/5"}],"replies":[{"embeddable":true,"href":"https:\/\/bastidoreficaz.pt\/es\/wp-json\/wp\/v2\/comments?post=1879"}],"version-history":[{"count":2,"href":"https:\/\/bastidoreficaz.pt\/es\/wp-json\/wp\/v2\/pages\/1879\/revisions"}],"predecessor-version":[{"id":2074,"href":"https:\/\/bastidoreficaz.pt\/es\/wp-json\/wp\/v2\/pages\/1879\/revisions\/2074"}],"wp:featuredmedia":[{"embeddable":true,"href":"https:\/\/bastidoreficaz.pt\/es\/wp-json\/wp\/v2\/media\/2067"}],"wp:attachment":[{"href":"https:\/\/bastidoreficaz.pt\/es\/wp-json\/wp\/v2\/media?parent=1879"}],"curies":[{"name":"wp","href":"https:\/\/api.w.org\/{rel}","templated":true}]}}